{"id":4347,"date":"2017-04-21T13:14:50","date_gmt":"2017-04-21T11:14:50","guid":{"rendered":"http:\/\/www.oevp-vm.at\/?page_id=4347"},"modified":"2021-08-21T20:55:17","modified_gmt":"2021-08-21T18:55:17","slug":"bgm-josef-six","status":"publish","type":"page","link":"http:\/\/www.oevp-vm.at\/?page_id=4347","title":{"rendered":"BGM Alois Six"},"content":{"rendered":"\n<p>Als B\u00fcrgermeister der Marktgemeinde V\u00f6cklamarkt stehe ich Ihnen f\u00fcr Ihre W\u00fcnsche und Anregungen zur Verf\u00fcgung: kontaktieren Sie mich unter bgm.six@voecklamarkt.ooe.gv.at.<\/p>\n\n\n\n<p>Ich werde mich um die positive L\u00f6sung Ihrer Anliegen bem\u00fchen! <\/p>\n\n\n\n<div class=\"wp-block-image\"><figure class=\"aligncenter size-medium\"><img loading=\"lazy\" width=\"230\" height=\"300\" src=\"http:\/\/www.oevp-vm.at\/wp-content\/uploads\/2021\/08\/Alois-Six2-230x300.jpg\" alt=\"\" class=\"wp-image-4974\" srcset=\"http:\/\/www.oevp-vm.at\/wp-content\/uploads\/2021\/08\/Alois-Six2-230x300.jpg 230w, http:\/\/www.oevp-vm.at\/wp-content\/uploads\/2021\/08\/Alois-Six2-115x150.jpg 115w, http:\/\/www.oevp-vm.at\/wp-content\/uploads\/2021\/08\/Alois-Six2.jpg 458w\" sizes=\"(max-width: 230px) 100vw, 230px\" \/><figcaption>Bgm. Alois Six<\/figcaption><\/figure><\/div>\n\n\n\n<p>\u00dcber meine gegenw\u00e4rtigen Projekte informieren ich immer wieder \u00fcber die <a href=\"http:\/\/www.oevp-vm.at\/?page_id=614\">Gemeindezeitung<\/a>, die <a href=\"http:\/\/www.oevp-vm.at\/?page_id=922\">Zeitung der \u00d6VP V\u00f6cklamarkt<\/a> und auch in Beitr\u00e4gen auf dieser <a href=\"http:\/\/www.oevp-vm.at\/?cat=13\">Homepage.<\/a><\/p>\n","protected":false},"excerpt":{"rendered":"<p>Als B\u00fcrgermeister der Marktgemeinde V\u00f6cklamarkt stehe ich Ihnen f\u00fcr Ihre W\u00fcnsche und Anregungen zur Verf\u00fcgung: kontaktieren Sie mich unter bgm.six@voecklamarkt.ooe.gv.at. Ich werde mich um die positive L\u00f6sung Ihrer Anliegen bem\u00fchen! \u00dcber meine gegenw\u00e4rtigen Projekte informieren ich immer wieder \u00fcber die Gemeindezeitung, die Zeitung der \u00d6VP V\u00f6cklamarkt und auch in Beitr\u00e4gen auf dieser Homepage.<\/p>\n","protected":false},"author":2,"featured_media":0,"parent":0,"menu_order":1,"comment_status":"closed","ping_status":"closed","template":"","meta":[],"_links":{"self":[{"href":"http:\/\/www.oevp-vm.at\/index.php?rest_route=\/wp\/v2\/pages\/4347"}],"collection":[{"href":"http:\/\/www.oevp-vm.at\/index.php?rest_route=\/wp\/v2\/pages"}],"about":[{"href":"http:\/\/www.oevp-vm.at\/index.php?rest_route=\/wp\/v2\/types\/page"}],"author":[{"embeddable":true,"href":"http:\/\/www.oevp-vm.at\/index.php?rest_route=\/wp\/v2\/users\/2"}],"replies":[{"embeddable":true,"href":"http:\/\/www.oevp-vm.at\/index.php?rest_route=%2Fwp%2Fv2%2Fcomments&post=4347"}],"version-history":[{"count":9,"href":"http:\/\/www.oevp-vm.at\/index.php?rest_route=\/wp\/v2\/pages\/4347\/revisions"}],"predecessor-version":[{"id":4976,"href":"http:\/\/www.oevp-vm.at\/index.php?rest_route=\/wp\/v2\/pages\/4347\/revisions\/4976"}],"wp:attachment":[{"href":"http:\/\/www.oevp-vm.at\/index.php?rest_route=%2Fwp%2Fv2%2Fmedia&parent=4347"}],"curies":[{"name":"wp","href":"https:\/\/api.w.org\/{rel}","templated":true}]}}